{"id":104,"date":"2017-08-13T07:38:59","date_gmt":"2017-08-13T07:38:59","guid":{"rendered":"http:\/\/demo.acmethemes.com\/medical-circle\/?page_id=104"},"modified":"2017-12-11T22:54:50","modified_gmt":"2017-12-11T22:54:50","slug":"odontologia-general","status":"publish","type":"page","link":"https:\/\/parcdental.es\/index.php\/tratamientos\/odontologia-general\/","title":{"rendered":"Odontolog\u00eda General"},"content":{"rendered":"<h2><strong>\u00bfEn qu\u00e9 consisten nuestros servicios de Odontolog\u00eda General?\u00a0<\/strong><\/h2>\n<h4>Saber identificar el tratamiento correcto y en con la precisi\u00f3n correcta, es algo que podemos hacer, gracias a m\u00e1s de veinte a\u00f1os de experiencia en el sector.<\/h4>\n<h4>Jaime E. Garc\u00eda, dentista de cabecera realiza una exclusiva pr\u00e1ctica de odontolog\u00eda sin aditivos, adem\u00e1s de ser muy personalizada.<\/h4>\n<h4><\/h4>\n<h4>Dentro de los principales servicios se encuentran:<\/h4>\n<div><\/div>\n<div class=\"row\">\n<div class=\"span8\">\n<ul class=\"list custom-list unstyled\">\n<li><i class=\"icon-plus\"><\/i>\u00a0 Odotntopediatr\u00eda<\/li>\n<li><i class=\"icon-stethoscope\"><\/i>\u00a0 Radiolog\u00eda<\/li>\n<li>\u00a0 Diagn\u00f3stico<\/li>\n<li>\u00a0 Periodoncia<\/li>\n<li>\u00a0 Odontolog\u00eda Conservadora<\/li>\n<li>\u00a0 Est\u00e9tica<\/li>\n<li>\u00a0 Endodoncia<\/li>\n<li>\u00a0 Exodoncia<\/li>\n<li>\u00a0 Ciruj\u00eda<\/li>\n<li>\u00a0 Implantolog\u00eda<\/li>\n<li>\u00a0 Pr\u00f3tesis<\/li>\n<\/ul>\n<p>&nbsp;<\/p>\n<\/div>\n<\/div>\n","protected":false},"excerpt":{"rendered":"<p>\u00bfEn qu\u00e9 consisten nuestros servicios de Odontolog\u00eda General?\u00a0 Saber identificar el tratamiento correcto y en con la precisi\u00f3n correcta, es algo que podemos hacer, gracias a m\u00e1s de veinte a\u00f1os de experiencia en el sector. Jaime E. Garc\u00eda, dentista de cabecera realiza una exclusiva pr\u00e1ctica de odontolog\u00eda sin aditivos, adem\u00e1s de ser muy personalizada. Dentro&hellip;<\/p>\n","protected":false},"author":1,"featured_media":545,"parent":182,"menu_order":0,"comment_status":"closed","ping_status":"closed","template":"","meta":{"footnotes":""},"class_list":["post-104","page","type-page","status-publish","has-post-thumbnail","hentry"],"_links":{"self":[{"href":"https:\/\/parcdental.es\/index.php\/wp-json\/wp\/v2\/pages\/104","targetHints":{"allow":["GET"]}}],"collection":[{"href":"https:\/\/parcdental.es\/index.php\/wp-json\/wp\/v2\/pages"}],"about":[{"href":"https:\/\/parcdental.es\/index.php\/wp-json\/wp\/v2\/types\/page"}],"author":[{"embeddable":true,"href":"https:\/\/parcdental.es\/index.php\/wp-json\/wp\/v2\/users\/1"}],"replies":[{"embeddable":true,"href":"https:\/\/parcdental.es\/index.php\/wp-json\/wp\/v2\/comments?post=104"}],"version-history":[{"count":4,"href":"https:\/\/parcdental.es\/index.php\/wp-json\/wp\/v2\/pages\/104\/revisions"}],"predecessor-version":[{"id":314,"href":"https:\/\/parcdental.es\/index.php\/wp-json\/wp\/v2\/pages\/104\/revisions\/314"}],"up":[{"embeddable":true,"href":"https:\/\/parcdental.es\/index.php\/wp-json\/wp\/v2\/pages\/182"}],"wp:featuredmedia":[{"embeddable":true,"href":"https:\/\/parcdental.es\/index.php\/wp-json\/wp\/v2\/media\/545"}],"wp:attachment":[{"href":"https:\/\/parcdental.es\/index.php\/wp-json\/wp\/v2\/media?parent=104"}],"curies":[{"name":"wp","href":"https:\/\/api.w.org\/{rel}","templated":true}]}}