{"id":108,"date":"2017-08-13T11:10:20","date_gmt":"2017-08-13T11:10:20","guid":{"rendered":"http:\/\/demo.acmethemes.com\/medical-circle\/?page_id=108"},"modified":"2017-12-11T22:56:13","modified_gmt":"2017-12-11T22:56:13","slug":"ortodoncia","status":"publish","type":"page","link":"https:\/\/parcdental.es\/index.php\/tratamientos\/ortodoncia\/","title":{"rendered":"Ortodoncia"},"content":{"rendered":"<h2><strong>\u00bfPor qu\u00e9 elegir nuestros servicios de ortodoncia?\u00a0<\/strong><\/h2>\n<h4>Elegir la mejor cl\u00ednica de ortodoncia es una decisi\u00f3n muy importante y en la que influyen factores profesionales y personales que debemos tener en cuenta.<\/h4>\n<div><\/div>\n<div class=\"row\">\n<div class=\"span8\">\n<ul class=\"list custom-list unstyled\">\n<li><i class=\"icon-plus\"><\/i>\u00a0\u00a0Experiencia y constante puesta al d\u00eda<\/li>\n<\/ul>\n<p>Es muy importante que el tratamiento se realice por un profesional experimentado y actualizado en la puesta en pr\u00e1ctica de las nuevas t\u00e9cnicas, aparatolog\u00eda y materiales. La odontolog\u00eda es una t\u00e9cnica que evoluciona muy r\u00e1pidamente.<strong>\u00a0El ortodoncista debe estar titulado y especializado<\/strong>.<\/p>\n<div><\/div>\n<ul class=\"list custom-list unstyled\">\n<li><i class=\"icon-stethoscope\"><\/i>\u00a0\u00a0Diagn\u00f3stico previo y presupuesto cerrado<\/li>\n<\/ul>\n<p>Antes de iniciar el proceso es importante describir un diagn\u00f3stico claro del problema, tratamiento a seguir y duraci\u00f3n del mismo. Tambi\u00e9n es importante saber lo que nos va a costar. En Ortodoncia Lanuza le ofrecemos un\u00a0<strong>presupuesto cerrado, sin sorpresas ni costes adicionales<\/strong>.<\/p>\n<div><\/div>\n<ul class=\"list custom-list unstyled\">\n<li><i class=\"icon-eur\"><\/i>\u00a0\u00a0Financiaci\u00f3n a medida. Sin intereses<\/li>\n<\/ul>\n<p>El coste del \u00a0tratamiento, aunque ajustado, suele resultar caro para muchos de nuestros clientes. A medida que las t\u00e9cnicas y materiales se hacen m\u00e1s sofisticados, el coste tambi\u00e9n tiende a aumentar. Es por ello que la financiaci\u00f3n del tratamiento resulta esencial para la toma de una decisi\u00f3n definitiva. La financiaci\u00f3n sin intereses del presupuesto cerrado que previamente le hemos proporcionado, permite\u00a0<strong>tener siempre acotado y controlado el gasto<\/strong>.<\/p>\n<div><\/div>\n<ul class=\"list custom-list unstyled\">\n<li><i class=\"icon-heart\"><\/i>\u00a0\u00a0Cuadro m\u00e9dico atento y especializado<\/li>\n<\/ul>\n<p>Es conveniente que entienda el tratamiento que se le va a realizar y las ventajas e inconvenientes de las distintas opciones que se le pueden practicar.\u00a0<strong>Nuestro equipo le explicar\u00e1 todo<\/strong>\u00a0lo que precise para que tome la mejor decisi\u00f3n, tanto en lo relativo al propio tratamiento, como a los tiempos y financiaci\u00f3n del mismo.<\/p>\n<\/div>\n<\/div>\n","protected":false},"excerpt":{"rendered":"<p>\u00bfPor qu\u00e9 elegir nuestros servicios de ortodoncia?\u00a0 Elegir la mejor cl\u00ednica de ortodoncia es una decisi\u00f3n muy importante y en la que influyen factores profesionales y personales que debemos tener en cuenta. \u00a0\u00a0Experiencia y constante puesta al d\u00eda Es muy importante que el tratamiento se realice por un profesional experimentado y actualizado en la puesta&hellip;<\/p>\n","protected":false},"author":1,"featured_media":546,"parent":182,"menu_order":0,"comment_status":"closed","ping_status":"closed","template":"","meta":{"footnotes":""},"class_list":["post-108","page","type-page","status-publish","has-post-thumbnail","hentry"],"_links":{"self":[{"href":"https:\/\/parcdental.es\/index.php\/wp-json\/wp\/v2\/pages\/108","targetHints":{"allow":["GET"]}}],"collection":[{"href":"https:\/\/parcdental.es\/index.php\/wp-json\/wp\/v2\/pages"}],"about":[{"href":"https:\/\/parcdental.es\/index.php\/wp-json\/wp\/v2\/types\/page"}],"author":[{"embeddable":true,"href":"https:\/\/parcdental.es\/index.php\/wp-json\/wp\/v2\/users\/1"}],"replies":[{"embeddable":true,"href":"https:\/\/parcdental.es\/index.php\/wp-json\/wp\/v2\/comments?post=108"}],"version-history":[{"count":3,"href":"https:\/\/parcdental.es\/index.php\/wp-json\/wp\/v2\/pages\/108\/revisions"}],"predecessor-version":[{"id":311,"href":"https:\/\/parcdental.es\/index.php\/wp-json\/wp\/v2\/pages\/108\/revisions\/311"}],"up":[{"embeddable":true,"href":"https:\/\/parcdental.es\/index.php\/wp-json\/wp\/v2\/pages\/182"}],"wp:featuredmedia":[{"embeddable":true,"href":"https:\/\/parcdental.es\/index.php\/wp-json\/wp\/v2\/media\/546"}],"wp:attachment":[{"href":"https:\/\/parcdental.es\/index.php\/wp-json\/wp\/v2\/media?parent=108"}],"curies":[{"name":"wp","href":"https:\/\/api.w.org\/{rel}","templated":true}]}}