{"id":182,"date":"2017-08-14T12:11:28","date_gmt":"2017-08-14T12:11:28","guid":{"rendered":"http:\/\/demo.acmethemes.com\/medical-circle\/?page_id=182"},"modified":"2019-02-03T08:54:05","modified_gmt":"2019-02-03T08:54:05","slug":"tratamientos","status":"publish","type":"page","link":"https:\/\/parcdental.es\/index.php\/tratamientos\/","title":{"rendered":"Tratamientos"},"content":{"rendered":"<div id=\"pl-182\" class=\"panel-layout\">\n<div id=\"pg-182-0\" class=\"panel-grid panel-no-style\" data-style=\"{&quot;background_display&quot;:&quot;tile&quot;,&quot;cell_alignment&quot;:&quot;flex-start&quot;}\">\n<div id=\"pgc-182-0-0\" class=\"panel-grid-cell\" data-weight=\"0.5\">\n<div id=\"panel-182-0-0-0\" class=\"so-panel widget widget_text panel-first-child panel-last-child\" data-index=\"0\" data-style=\"{&quot;background_image_attachment&quot;:false,&quot;background_display&quot;:&quot;tile&quot;}\">\n<div class=\"textwidget\">\n<div class=\"entry-content\">\n<h2><strong>Odontolog\u00eda General\u00a0<\/strong><\/h2>\n<p>Jaime E. Garc\u00eda, dentista de cabecera realiza una exclusiva pr\u00e1ctica de odontolog\u00eda sin aditivos, adem\u00e1s de ser muy personalizada.<\/p>\n<p>Saber identificar el tratamiento correcto y con la precisi\u00f3n correcta, es algo que podemos hacer, gracias a m\u00e1s de veinte a\u00f1os de experiencia en el sector.<\/p>\n<p>Dentro de los principales servicios se encuentran:<\/p>\n<\/div>\n<\/div>\n<p>&#8211; Odontopediatr\u00eda<\/p>\n<p style=\"padding-left: 60px;\">-Odontolog\u00eda General<\/p>\n<p style=\"padding-left: 60px;\">&#8211; Diagn\u00f3stico Radiovisiograf\u00edas<\/p>\n<p style=\"padding-left: 60px;\">&#8211; Higiene Bucodental<\/p>\n<p style=\"padding-left: 60px;\">&#8211; Periodoncia<\/p>\n<p style=\"padding-left: 60px;\">&#8211; Conservadora \/ Restauradora<\/p>\n<p style=\"padding-left: 60px;\">&#8211; Endodoncia<\/p>\n<p style=\"padding-left: 60px;\">&#8211; Exodoncia<\/p>\n<p>&#8211; Rehabilitadora<\/p>\n<p style=\"padding-left: 60px;\">\u00a0&#8211; Ortodoncia<\/p>\n<p style=\"padding-left: 60px;\">&#8211; Implantolog\u00eda<\/p>\n<p style=\"padding-left: 60px;\">&#8211; Cirug\u00eda<\/p>\n<p style=\"padding-left: 60px;\">&#8211; Est\u00e9tica<\/p>\n<p style=\"padding-left: 60px;\">&#8211; Pr\u00f3tesis<\/p>\n<h2><strong>Ortodoncia<\/strong><\/h2>\n<blockquote><p><em>Elegir la mejor cl\u00ednica de ortodoncia es una decisi\u00f3n muy importante y en la que influyen factores profesionales y personales que debemos tener en cuenta.<\/em><\/p><\/blockquote>\n<p><strong><i class=\"icon-plus\"><\/i><em>\u00a0\u00a0Experiencia y constante puesta al d\u00eda<\/em><\/strong><\/p>\n<p>Es muy importante que el tratamiento se realice por un profesional experimentado y actualizado en la puesta en pr\u00e1ctica de las nuevas t\u00e9cnicas, aparatolog\u00eda y materiales. La odontolog\u00eda es una t\u00e9cnica que evoluciona muy r\u00e1pidamente.<strong>\u00a0El ortodoncista debe estar titulado y especializado<\/strong>.<\/p>\n<div><\/div>\n<p><i class=\"icon-stethoscope\"><\/i><strong><em>\u00a0\u00a0Diagn\u00f3stico previo y presupuesto cerrado<\/em><\/strong><\/p>\n<p>Antes de iniciar el proceso es importante describir un diagn\u00f3stico claro del problema, tratamiento a seguir y duraci\u00f3n del mismo. Tambi\u00e9n es importante saber lo que nos va a costar. En Ortodoncia Lanuza le ofrecemos un\u00a0<strong>presupuesto cerrado, sin sorpresas ni costes adicionales<\/strong>.<\/p>\n<div><\/div>\n<p><i class=\"icon-eur\"><\/i><strong><em>\u00a0\u00a0Financiaci\u00f3n a medida. Sin intereses<\/em><\/strong><\/p>\n<p>El coste del \u00a0tratamiento, aunque ajustado, suele resultar caro para muchos de nuestros clientes. A medida que las t\u00e9cnicas y materiales se hacen m\u00e1s sofisticados, el coste tambi\u00e9n tiende a aumentar. Es por ello que la financiaci\u00f3n del tratamiento resulta esencial para la toma de una decisi\u00f3n definitiva. La financiaci\u00f3n sin intereses del presupuesto cerrado que previamente le hemos proporcionado, permite\u00a0<strong>tener siempre acotado y controlado el gasto<\/strong>.<\/p>\n<div><\/div>\n<p><i class=\"icon-heart\"><\/i><strong><em>\u00a0\u00a0Cuadro m\u00e9dico atento y especializado<\/em><\/strong><\/p>\n<p>Es conveniente que entienda el tratamiento que se le va a realizar y las ventajas e inconvenientes de las distintas opciones que se le pueden practicar.\u00a0<strong>Nuestro equipo le explicar\u00e1 todo<\/strong>\u00a0lo que precise para que tome la mejor decisi\u00f3n, tanto en lo relativo al propio tratamiento, como a los tiempos y financiaci\u00f3n del mismo.<\/p>\n<\/div>\n<\/div>\n<\/div>\n<\/div>\n","protected":false},"excerpt":{"rendered":"<p>Odontolog\u00eda General\u00a0 Jaime E. Garc\u00eda, dentista de cabecera realiza una exclusiva pr\u00e1ctica de odontolog\u00eda sin aditivos, adem\u00e1s de ser muy personalizada. Saber identificar el tratamiento correcto y con la precisi\u00f3n correcta, es algo que podemos hacer, gracias a m\u00e1s de veinte a\u00f1os de experiencia en el sector. Dentro de los principales servicios se encuentran: &#8211;&hellip;<\/p>\n","protected":false},"author":1,"featured_media":498,"parent":0,"menu_order":0,"comment_status":"closed","ping_status":"closed","template":"","meta":{"footnotes":""},"class_list":["post-182","page","type-page","status-publish","has-post-thumbnail","hentry"],"_links":{"self":[{"href":"https:\/\/parcdental.es\/index.php\/wp-json\/wp\/v2\/pages\/182","targetHints":{"allow":["GET"]}}],"collection":[{"href":"https:\/\/parcdental.es\/index.php\/wp-json\/wp\/v2\/pages"}],"about":[{"href":"https:\/\/parcdental.es\/index.php\/wp-json\/wp\/v2\/types\/page"}],"author":[{"embeddable":true,"href":"https:\/\/parcdental.es\/index.php\/wp-json\/wp\/v2\/users\/1"}],"replies":[{"embeddable":true,"href":"https:\/\/parcdental.es\/index.php\/wp-json\/wp\/v2\/comments?post=182"}],"version-history":[{"count":21,"href":"https:\/\/parcdental.es\/index.php\/wp-json\/wp\/v2\/pages\/182\/revisions"}],"predecessor-version":[{"id":712,"href":"https:\/\/parcdental.es\/index.php\/wp-json\/wp\/v2\/pages\/182\/revisions\/712"}],"wp:featuredmedia":[{"embeddable":true,"href":"https:\/\/parcdental.es\/index.php\/wp-json\/wp\/v2\/media\/498"}],"wp:attachment":[{"href":"https:\/\/parcdental.es\/index.php\/wp-json\/wp\/v2\/media?parent=182"}],"curies":[{"name":"wp","href":"https:\/\/api.w.org\/{rel}","templated":true}]}}