{"id":218,"date":"2017-08-14T12:59:27","date_gmt":"2017-08-14T12:59:27","guid":{"rendered":"http:\/\/demo.acmethemes.com\/medical-circle\/?page_id=218"},"modified":"2019-02-15T21:09:37","modified_gmt":"2019-02-15T21:09:37","slug":"contacto","status":"publish","type":"page","link":"https:\/\/parcdental.es\/index.php\/contacto\/","title":{"rendered":"Contacto"},"content":{"rendered":"<p>Si tienes alguna duda, por favor ponte en contacto con nosotros por medio del formulario que aparece a continuaci\u00f3n, te daremos respuesta lo m\u00e1s pronto posible.<\/p>\n<p>Contamos con servicios de odontolog\u00eda general y ortodoncia, a la medida de tus necesidades, con el tratamiento m\u00e1s profesional y con la calidad familiar que nos caracteriza.<\/p>\n<p>Gracias,<\/p>\n<p>Jaime E. y Pablo<\/p>\n<p>&nbsp;<\/p>\n","protected":false},"excerpt":{"rendered":"<p>Si tienes alguna duda, por favor ponte en contacto con nosotros por medio del formulario que aparece a continuaci\u00f3n, te daremos respuesta lo m\u00e1s pronto posible. Contamos con servicios de odontolog\u00eda general y ortodoncia, a la medida de tus necesidades, con el tratamiento m\u00e1s profesional y con la calidad familiar que nos caracteriza. Gracias, Jaime&hellip;<\/p>\n","protected":false},"author":1,"featured_media":283,"parent":0,"menu_order":0,"comment_status":"closed","ping_status":"closed","template":"","meta":{"footnotes":""},"class_list":["post-218","page","type-page","status-publish","has-post-thumbnail","hentry"],"_links":{"self":[{"href":"https:\/\/parcdental.es\/index.php\/wp-json\/wp\/v2\/pages\/218","targetHints":{"allow":["GET"]}}],"collection":[{"href":"https:\/\/parcdental.es\/index.php\/wp-json\/wp\/v2\/pages"}],"about":[{"href":"https:\/\/parcdental.es\/index.php\/wp-json\/wp\/v2\/types\/page"}],"author":[{"embeddable":true,"href":"https:\/\/parcdental.es\/index.php\/wp-json\/wp\/v2\/users\/1"}],"replies":[{"embeddable":true,"href":"https:\/\/parcdental.es\/index.php\/wp-json\/wp\/v2\/comments?post=218"}],"version-history":[{"count":12,"href":"https:\/\/parcdental.es\/index.php\/wp-json\/wp\/v2\/pages\/218\/revisions"}],"predecessor-version":[{"id":778,"href":"https:\/\/parcdental.es\/index.php\/wp-json\/wp\/v2\/pages\/218\/revisions\/778"}],"wp:featuredmedia":[{"embeddable":true,"href":"https:\/\/parcdental.es\/index.php\/wp-json\/wp\/v2\/media\/283"}],"wp:attachment":[{"href":"https:\/\/parcdental.es\/index.php\/wp-json\/wp\/v2\/media?parent=218"}],"curies":[{"name":"wp","href":"https:\/\/api.w.org\/{rel}","templated":true}]}}