{"id":27,"date":"2017-08-12T17:13:19","date_gmt":"2017-08-12T17:13:19","guid":{"rendered":"http:\/\/demo.acmethemes.com\/medical-circle\/?page_id=27"},"modified":"2019-02-03T08:36:16","modified_gmt":"2019-02-03T08:36:16","slug":"quienes-somos","status":"publish","type":"page","link":"https:\/\/parcdental.es\/index.php\/quienes-somos\/","title":{"rendered":"Equipo"},"content":{"rendered":"<p>Jaime E. Garc\u00eda, dentista de cabecera realiza una exclusiva pr\u00e1ctica de odontolog\u00eda sin aditivos, adem\u00e1s de ser muy personalizada.<\/p>\n<p><strong>Nuestro Equipo<\/strong>\u00a0est\u00e1 constituido por<\/p>\n<p>&#8211; DOCTORES<\/p>\n<p>&#8211; HIGIENISTAS<\/p>\n<p>&#8211; GESTI\u00d3N<\/p>\n<p>Saber identificar el tratamiento correcto y con la precisi\u00f3n correcta, es algo que podemos hacer, gracias a m\u00e1s de veinte a\u00f1os de experiencia en el sector.<\/p>\n","protected":false},"excerpt":{"rendered":"<p>Jaime E. Garc\u00eda, dentista de cabecera realiza una exclusiva pr\u00e1ctica de odontolog\u00eda sin aditivos, adem\u00e1s de ser muy personalizada. Nuestro Equipo\u00a0est\u00e1 constituido por &#8211; DOCTORES &#8211; HIGIENISTAS &#8211; GESTI\u00d3N Saber identificar el tratamiento correcto y con la precisi\u00f3n correcta, es algo que podemos hacer, gracias a m\u00e1s de veinte a\u00f1os de experiencia en el sector.<\/p>\n","protected":false},"author":1,"featured_media":258,"parent":0,"menu_order":0,"comment_status":"closed","ping_status":"closed","template":"","meta":{"footnotes":""},"class_list":["post-27","page","type-page","status-publish","has-post-thumbnail","hentry"],"_links":{"self":[{"href":"https:\/\/parcdental.es\/index.php\/wp-json\/wp\/v2\/pages\/27","targetHints":{"allow":["GET"]}}],"collection":[{"href":"https:\/\/parcdental.es\/index.php\/wp-json\/wp\/v2\/pages"}],"about":[{"href":"https:\/\/parcdental.es\/index.php\/wp-json\/wp\/v2\/types\/page"}],"author":[{"embeddable":true,"href":"https:\/\/parcdental.es\/index.php\/wp-json\/wp\/v2\/users\/1"}],"replies":[{"embeddable":true,"href":"https:\/\/parcdental.es\/index.php\/wp-json\/wp\/v2\/comments?post=27"}],"version-history":[{"count":7,"href":"https:\/\/parcdental.es\/index.php\/wp-json\/wp\/v2\/pages\/27\/revisions"}],"predecessor-version":[{"id":698,"href":"https:\/\/parcdental.es\/index.php\/wp-json\/wp\/v2\/pages\/27\/revisions\/698"}],"wp:featuredmedia":[{"embeddable":true,"href":"https:\/\/parcdental.es\/index.php\/wp-json\/wp\/v2\/media\/258"}],"wp:attachment":[{"href":"https:\/\/parcdental.es\/index.php\/wp-json\/wp\/v2\/media?parent=27"}],"curies":[{"name":"wp","href":"https:\/\/api.w.org\/{rel}","templated":true}]}}