{"id":373,"date":"2017-12-10T20:35:01","date_gmt":"2017-12-10T20:35:01","guid":{"rendered":"http:\/\/parcdental.es\/?page_id=373"},"modified":"2019-02-20T21:50:09","modified_gmt":"2019-02-20T21:50:09","slug":"nuestro-horario","status":"publish","type":"page","link":"https:\/\/parcdental.es\/index.php\/nuestro-horario\/","title":{"rendered":"Nuestro horario"},"content":{"rendered":"<h2>Nuestro horario<\/h2>\n<p>Nuestro horario es de Lunes a Viernes de 9:00 a 13:30 y de 16:00 a 20.00,\u00a0 y Martes a Jueves de 16:00 a 20:00 distribuido de la siguiente manera:<\/p>\n<h3>Odontolog\u00eda General<\/h3>\n<p>Atenci\u00f3n por las ma\u00f1anas<\/p>\n<p>Atenci\u00f3n por las tardes<\/p>\n<h3>Ortodoncia<\/h3>\n<p>Atenci\u00f3n por las tardes<\/p>\n","protected":false},"excerpt":{"rendered":"<p>Nuestro horario Nuestro horario es de Lunes a Viernes de 9:00 a 13:30 y de 16:00 a 20.00,\u00a0 y Martes a Jueves de 16:00 a 20:00 distribuido de la siguiente manera: Odontolog\u00eda General Atenci\u00f3n por las ma\u00f1anas Atenci\u00f3n por las tardes Ortodoncia Atenci\u00f3n por las tardes<\/p>\n","protected":false},"author":1,"featured_media":0,"parent":0,"menu_order":0,"comment_status":"closed","ping_status":"closed","template":"","meta":{"footnotes":""},"class_list":["post-373","page","type-page","status-publish","hentry"],"_links":{"self":[{"href":"https:\/\/parcdental.es\/index.php\/wp-json\/wp\/v2\/pages\/373","targetHints":{"allow":["GET"]}}],"collection":[{"href":"https:\/\/parcdental.es\/index.php\/wp-json\/wp\/v2\/pages"}],"about":[{"href":"https:\/\/parcdental.es\/index.php\/wp-json\/wp\/v2\/types\/page"}],"author":[{"embeddable":true,"href":"https:\/\/parcdental.es\/index.php\/wp-json\/wp\/v2\/users\/1"}],"replies":[{"embeddable":true,"href":"https:\/\/parcdental.es\/index.php\/wp-json\/wp\/v2\/comments?post=373"}],"version-history":[{"count":4,"href":"https:\/\/parcdental.es\/index.php\/wp-json\/wp\/v2\/pages\/373\/revisions"}],"predecessor-version":[{"id":784,"href":"https:\/\/parcdental.es\/index.php\/wp-json\/wp\/v2\/pages\/373\/revisions\/784"}],"wp:attachment":[{"href":"https:\/\/parcdental.es\/index.php\/wp-json\/wp\/v2\/media?parent=373"}],"curies":[{"name":"wp","href":"https:\/\/api.w.org\/{rel}","templated":true}]}}