{"id":423,"date":"2017-12-10T22:28:32","date_gmt":"2017-12-10T22:28:32","guid":{"rendered":"http:\/\/parcdental.es\/?page_id=423"},"modified":"2017-12-10T22:28:32","modified_gmt":"2017-12-10T22:28:32","slug":"que-ventajas-tiene-un-tratamiento-con-ortodoncia","status":"publish","type":"page","link":"https:\/\/parcdental.es\/index.php\/faq\/que-ventajas-tiene-un-tratamiento-con-ortodoncia\/","title":{"rendered":"\u00bfQU\u00c9 VENTAJAS TIENE UN TRATAMIENTO CON ORTODONCIA?"},"content":{"rendered":"<p>Los dientes en mala posici\u00f3n, amontonados o en doble fila o inclinados, son dif\u00edciles de mantener limpios, sufren con m\u00e1s frecuencia caries y enfermedades de las enc\u00edas, lo que hace que se pierdan precozmente.<\/p>\n<p>A veces la mala relaci\u00f3n de los dientes superiores con los inferiores provoca que no se muerda correctamente y exista una tensi\u00f3n an\u00f3mala en los m\u00fasculos masticatorios que acabe en dolores de cabeza y cuello y lesiones de ATM (articulaci\u00f3n de la mand\u00edbula con el cr\u00e1neo).A ello se suma el aspecto est\u00e9tico. Los dientes mal alineados hacen que una sonrisa sea desagradable, con los problemas que ello acarrea, tanto sociales, por baja autoestima como incluso laborales, por la importancia que hoy dia se da al aspecto en puestos de trabajo cara al p\u00fablico.<\/p>\n<p>Los tratamientos de ortodoncia aportan m\u00e1s salud y est\u00e9tica a nuestros dientes y sonrisas y facilitan otros tratamientos, como cirug\u00eda ortogn\u00e1tica y pr\u00f3tesis con implantes, que sin la ayuda de la ortodoncia no ser\u00edan posibles.<\/p>\n","protected":false},"excerpt":{"rendered":"<p>Los dientes en mala posici\u00f3n, amontonados o en doble fila o inclinados, son dif\u00edciles de mantener limpios, sufren con m\u00e1s frecuencia caries y enfermedades de las enc\u00edas, lo que hace que se pierdan precozmente. A veces la mala relaci\u00f3n de los dientes superiores con los inferiores provoca que no se muerda correctamente y exista una&hellip;<\/p>\n","protected":false},"author":1,"featured_media":0,"parent":206,"menu_order":0,"comment_status":"closed","ping_status":"closed","template":"","meta":{"footnotes":""},"class_list":["post-423","page","type-page","status-publish","hentry"],"_links":{"self":[{"href":"https:\/\/parcdental.es\/index.php\/wp-json\/wp\/v2\/pages\/423","targetHints":{"allow":["GET"]}}],"collection":[{"href":"https:\/\/parcdental.es\/index.php\/wp-json\/wp\/v2\/pages"}],"about":[{"href":"https:\/\/parcdental.es\/index.php\/wp-json\/wp\/v2\/types\/page"}],"author":[{"embeddable":true,"href":"https:\/\/parcdental.es\/index.php\/wp-json\/wp\/v2\/users\/1"}],"replies":[{"embeddable":true,"href":"https:\/\/parcdental.es\/index.php\/wp-json\/wp\/v2\/comments?post=423"}],"version-history":[{"count":1,"href":"https:\/\/parcdental.es\/index.php\/wp-json\/wp\/v2\/pages\/423\/revisions"}],"predecessor-version":[{"id":424,"href":"https:\/\/parcdental.es\/index.php\/wp-json\/wp\/v2\/pages\/423\/revisions\/424"}],"up":[{"embeddable":true,"href":"https:\/\/parcdental.es\/index.php\/wp-json\/wp\/v2\/pages\/206"}],"wp:attachment":[{"href":"https:\/\/parcdental.es\/index.php\/wp-json\/wp\/v2\/media?parent=423"}],"curies":[{"name":"wp","href":"https:\/\/api.w.org\/{rel}","templated":true}]}}