{"id":425,"date":"2017-12-10T22:28:59","date_gmt":"2017-12-10T22:28:59","guid":{"rendered":"http:\/\/parcdental.es\/?page_id=425"},"modified":"2017-12-10T22:30:30","modified_gmt":"2017-12-10T22:30:30","slug":"quien-puede-ponerme-ortodoncia","status":"publish","type":"page","link":"https:\/\/parcdental.es\/index.php\/faq\/quien-puede-ponerme-ortodoncia\/","title":{"rendered":"\u00bfQUI\u00c9N PUEDE PONERME ORTODONCIA?"},"content":{"rendered":"<p>Dentro de la odontolog\u00eda existen dentistas que realizan un m\u00e1ster en especializaci\u00f3n en ortodoncia en centros universitarios de tres a\u00f1os de duraci\u00f3n, siguiendo el programa Erasmus vigente en toda Europa. Estos ortodoncistas de dedicaci\u00f3n exclusiva a la practica de ortodoncia. son los m\u00e1s indicados para llevar a cabo estos tratamientos que requieren un alto grado de conocimientos especializados.<\/p>\n","protected":false},"excerpt":{"rendered":"<p>Dentro de la odontolog\u00eda existen dentistas que realizan un m\u00e1ster en especializaci\u00f3n en ortodoncia en centros universitarios de tres a\u00f1os de duraci\u00f3n, siguiendo el programa Erasmus vigente en toda Europa. Estos ortodoncistas de dedicaci\u00f3n exclusiva a la practica de ortodoncia. son los m\u00e1s indicados para llevar a cabo estos tratamientos que requieren un alto grado&hellip;<\/p>\n","protected":false},"author":1,"featured_media":0,"parent":206,"menu_order":0,"comment_status":"closed","ping_status":"closed","template":"","meta":{"footnotes":""},"class_list":["post-425","page","type-page","status-publish","hentry"],"_links":{"self":[{"href":"https:\/\/parcdental.es\/index.php\/wp-json\/wp\/v2\/pages\/425","targetHints":{"allow":["GET"]}}],"collection":[{"href":"https:\/\/parcdental.es\/index.php\/wp-json\/wp\/v2\/pages"}],"about":[{"href":"https:\/\/parcdental.es\/index.php\/wp-json\/wp\/v2\/types\/page"}],"author":[{"embeddable":true,"href":"https:\/\/parcdental.es\/index.php\/wp-json\/wp\/v2\/users\/1"}],"replies":[{"embeddable":true,"href":"https:\/\/parcdental.es\/index.php\/wp-json\/wp\/v2\/comments?post=425"}],"version-history":[{"count":2,"href":"https:\/\/parcdental.es\/index.php\/wp-json\/wp\/v2\/pages\/425\/revisions"}],"predecessor-version":[{"id":427,"href":"https:\/\/parcdental.es\/index.php\/wp-json\/wp\/v2\/pages\/425\/revisions\/427"}],"up":[{"embeddable":true,"href":"https:\/\/parcdental.es\/index.php\/wp-json\/wp\/v2\/pages\/206"}],"wp:attachment":[{"href":"https:\/\/parcdental.es\/index.php\/wp-json\/wp\/v2\/media?parent=425"}],"curies":[{"name":"wp","href":"https:\/\/api.w.org\/{rel}","templated":true}]}}