{"id":432,"date":"2017-12-10T22:31:05","date_gmt":"2017-12-10T22:31:05","guid":{"rendered":"http:\/\/parcdental.es\/?page_id=432"},"modified":"2017-12-10T22:31:05","modified_gmt":"2017-12-10T22:31:05","slug":"es-doloroso-el-tratamiento-de-ortodoncia","status":"publish","type":"page","link":"https:\/\/parcdental.es\/index.php\/faq\/es-doloroso-el-tratamiento-de-ortodoncia\/","title":{"rendered":"\u00bfES DOLOROSO EL TRATAMIENTO DE ORTODONCIA?"},"content":{"rendered":"<p>En t\u00e9rminos generales el tratamiento no es doloroso. Al principio se puede producir alguna molestia que desaparece a los pocos d\u00edas. No suele ser necesario el uso de analg\u00e9sicos. Se suele notar como presi\u00f3n o molestias al masticar.<\/p>\n","protected":false},"excerpt":{"rendered":"<p>En t\u00e9rminos generales el tratamiento no es doloroso. Al principio se puede producir alguna molestia que desaparece a los pocos d\u00edas. No suele ser necesario el uso de analg\u00e9sicos. Se suele notar como presi\u00f3n o molestias al masticar.<\/p>\n","protected":false},"author":1,"featured_media":0,"parent":206,"menu_order":0,"comment_status":"closed","ping_status":"closed","template":"","meta":{"footnotes":""},"class_list":["post-432","page","type-page","status-publish","hentry"],"_links":{"self":[{"href":"https:\/\/parcdental.es\/index.php\/wp-json\/wp\/v2\/pages\/432","targetHints":{"allow":["GET"]}}],"collection":[{"href":"https:\/\/parcdental.es\/index.php\/wp-json\/wp\/v2\/pages"}],"about":[{"href":"https:\/\/parcdental.es\/index.php\/wp-json\/wp\/v2\/types\/page"}],"author":[{"embeddable":true,"href":"https:\/\/parcdental.es\/index.php\/wp-json\/wp\/v2\/users\/1"}],"replies":[{"embeddable":true,"href":"https:\/\/parcdental.es\/index.php\/wp-json\/wp\/v2\/comments?post=432"}],"version-history":[{"count":1,"href":"https:\/\/parcdental.es\/index.php\/wp-json\/wp\/v2\/pages\/432\/revisions"}],"predecessor-version":[{"id":433,"href":"https:\/\/parcdental.es\/index.php\/wp-json\/wp\/v2\/pages\/432\/revisions\/433"}],"up":[{"embeddable":true,"href":"https:\/\/parcdental.es\/index.php\/wp-json\/wp\/v2\/pages\/206"}],"wp:attachment":[{"href":"https:\/\/parcdental.es\/index.php\/wp-json\/wp\/v2\/media?parent=432"}],"curies":[{"name":"wp","href":"https:\/\/api.w.org\/{rel}","templated":true}]}}