{"id":436,"date":"2017-12-10T22:32:53","date_gmt":"2017-12-10T22:32:53","guid":{"rendered":"http:\/\/parcdental.es\/?page_id=436"},"modified":"2017-12-10T22:32:53","modified_gmt":"2017-12-10T22:32:53","slug":"se-puede-poner-ortodoncia-en-adultos","status":"publish","type":"page","link":"https:\/\/parcdental.es\/index.php\/faq\/se-puede-poner-ortodoncia-en-adultos\/","title":{"rendered":"\u00bfSE PUEDE PONER ORTODONCIA EN ADULTOS?"},"content":{"rendered":"<p>El tratamiento de pacientes adultos no s\u00f3lo es posible sino que, en muchos casos, es necesario para corregir el progresivo deterioro de la dentadura y alargar su existencia. Si las enc\u00edas y huesos de soporte se mantienen cuidados y sanos podremos obtener resultados similares a los de pacientes mas j\u00f3venes.<\/p>\n<p>Hoy en d\u00eda los aparatos correctores tienen una apariencia m\u00e1s est\u00e9tica y c\u00f3moda, lo que contribuye a que aumente cada vez m\u00e1s el n\u00famero de pacientes adultos que tratamos.<\/p>\n","protected":false},"excerpt":{"rendered":"<p>El tratamiento de pacientes adultos no s\u00f3lo es posible sino que, en muchos casos, es necesario para corregir el progresivo deterioro de la dentadura y alargar su existencia. Si las enc\u00edas y huesos de soporte se mantienen cuidados y sanos podremos obtener resultados similares a los de pacientes mas j\u00f3venes. Hoy en d\u00eda los aparatos&hellip;<\/p>\n","protected":false},"author":1,"featured_media":0,"parent":206,"menu_order":0,"comment_status":"closed","ping_status":"closed","template":"","meta":{"footnotes":""},"class_list":["post-436","page","type-page","status-publish","hentry"],"_links":{"self":[{"href":"https:\/\/parcdental.es\/index.php\/wp-json\/wp\/v2\/pages\/436","targetHints":{"allow":["GET"]}}],"collection":[{"href":"https:\/\/parcdental.es\/index.php\/wp-json\/wp\/v2\/pages"}],"about":[{"href":"https:\/\/parcdental.es\/index.php\/wp-json\/wp\/v2\/types\/page"}],"author":[{"embeddable":true,"href":"https:\/\/parcdental.es\/index.php\/wp-json\/wp\/v2\/users\/1"}],"replies":[{"embeddable":true,"href":"https:\/\/parcdental.es\/index.php\/wp-json\/wp\/v2\/comments?post=436"}],"version-history":[{"count":1,"href":"https:\/\/parcdental.es\/index.php\/wp-json\/wp\/v2\/pages\/436\/revisions"}],"predecessor-version":[{"id":437,"href":"https:\/\/parcdental.es\/index.php\/wp-json\/wp\/v2\/pages\/436\/revisions\/437"}],"up":[{"embeddable":true,"href":"https:\/\/parcdental.es\/index.php\/wp-json\/wp\/v2\/pages\/206"}],"wp:attachment":[{"href":"https:\/\/parcdental.es\/index.php\/wp-json\/wp\/v2\/media?parent=436"}],"curies":[{"name":"wp","href":"https:\/\/api.w.org\/{rel}","templated":true}]}}