{"id":442,"date":"2017-12-10T22:34:57","date_gmt":"2017-12-10T22:34:57","guid":{"rendered":"http:\/\/parcdental.es\/?page_id=442"},"modified":"2017-12-10T22:34:57","modified_gmt":"2017-12-10T22:34:57","slug":"que-tipos-de-aparatos-existen","status":"publish","type":"page","link":"https:\/\/parcdental.es\/index.php\/faq\/que-tipos-de-aparatos-existen\/","title":{"rendered":"\u00bfQU\u00c9 TIPOS DE APARATOS EXISTEN?"},"content":{"rendered":"<p>Hay que distinguir el paciente en crecimiento del paciente adulto, sin crecimiento.<\/p>\n<p>Para el ni\u00f1o y el adolescente se pueden poner aparatos que mejoren el equilibrio de los huesos de la cara, llamados aparatos de ortopedia. Una vez mejorada la posici\u00f3n de los maxilares se realiza el movimiento de los dientes hacia su correcta posici\u00f3n y engranaje con los aparatos propiamente ortod\u00f3ncicos, ya sean brackets met\u00e1licos o est\u00e9ticos, de porcelana o zafiro.<\/p>\n","protected":false},"excerpt":{"rendered":"<p>Hay que distinguir el paciente en crecimiento del paciente adulto, sin crecimiento. Para el ni\u00f1o y el adolescente se pueden poner aparatos que mejoren el equilibrio de los huesos de la cara, llamados aparatos de ortopedia. Una vez mejorada la posici\u00f3n de los maxilares se realiza el movimiento de los dientes hacia su correcta posici\u00f3n&hellip;<\/p>\n","protected":false},"author":1,"featured_media":0,"parent":206,"menu_order":0,"comment_status":"closed","ping_status":"closed","template":"","meta":{"footnotes":""},"class_list":["post-442","page","type-page","status-publish","hentry"],"_links":{"self":[{"href":"https:\/\/parcdental.es\/index.php\/wp-json\/wp\/v2\/pages\/442","targetHints":{"allow":["GET"]}}],"collection":[{"href":"https:\/\/parcdental.es\/index.php\/wp-json\/wp\/v2\/pages"}],"about":[{"href":"https:\/\/parcdental.es\/index.php\/wp-json\/wp\/v2\/types\/page"}],"author":[{"embeddable":true,"href":"https:\/\/parcdental.es\/index.php\/wp-json\/wp\/v2\/users\/1"}],"replies":[{"embeddable":true,"href":"https:\/\/parcdental.es\/index.php\/wp-json\/wp\/v2\/comments?post=442"}],"version-history":[{"count":1,"href":"https:\/\/parcdental.es\/index.php\/wp-json\/wp\/v2\/pages\/442\/revisions"}],"predecessor-version":[{"id":443,"href":"https:\/\/parcdental.es\/index.php\/wp-json\/wp\/v2\/pages\/442\/revisions\/443"}],"up":[{"embeddable":true,"href":"https:\/\/parcdental.es\/index.php\/wp-json\/wp\/v2\/pages\/206"}],"wp:attachment":[{"href":"https:\/\/parcdental.es\/index.php\/wp-json\/wp\/v2\/media?parent=442"}],"curies":[{"name":"wp","href":"https:\/\/api.w.org\/{rel}","templated":true}]}}