{"id":445,"date":"2017-12-10T22:38:56","date_gmt":"2017-12-10T22:38:56","guid":{"rendered":"http:\/\/parcdental.es\/?page_id=445"},"modified":"2017-12-10T22:38:56","modified_gmt":"2017-12-10T22:38:56","slug":"cuanto-tiempo-lleva-dedicandose-a-la-odontologia","status":"publish","type":"page","link":"https:\/\/parcdental.es\/index.php\/faq\/cuanto-tiempo-lleva-dedicandose-a-la-odontologia\/","title":{"rendered":"\u00bfCU\u00c1NTO TIEMPO LLEVA DEDIC\u00c1NDOSE A LA ODONTOLOG\u00cdA?"},"content":{"rendered":"<p>El Dr Garc\u00eda lleva m\u00e1s de 25 a\u00f1os, empez\u00f3 en Benimaclet en la calle Bar\u00f3n de San Petrillo y en el a\u00f1o 1993 como iban a construir un centro de salud, traslad\u00f3 la Cl\u00ednica Dentalparc a la calle Ram\u00f3n Asensio, 13, 1\u00ba-B.<\/p>\n","protected":false},"excerpt":{"rendered":"<p>El Dr Garc\u00eda lleva m\u00e1s de 25 a\u00f1os, empez\u00f3 en Benimaclet en la calle Bar\u00f3n de San Petrillo y en el a\u00f1o 1993 como iban a construir un centro de salud, traslad\u00f3 la Cl\u00ednica Dentalparc a la calle Ram\u00f3n Asensio, 13, 1\u00ba-B.<\/p>\n","protected":false},"author":1,"featured_media":0,"parent":206,"menu_order":0,"comment_status":"closed","ping_status":"closed","template":"","meta":{"footnotes":""},"class_list":["post-445","page","type-page","status-publish","hentry"],"_links":{"self":[{"href":"https:\/\/parcdental.es\/index.php\/wp-json\/wp\/v2\/pages\/445","targetHints":{"allow":["GET"]}}],"collection":[{"href":"https:\/\/parcdental.es\/index.php\/wp-json\/wp\/v2\/pages"}],"about":[{"href":"https:\/\/parcdental.es\/index.php\/wp-json\/wp\/v2\/types\/page"}],"author":[{"embeddable":true,"href":"https:\/\/parcdental.es\/index.php\/wp-json\/wp\/v2\/users\/1"}],"replies":[{"embeddable":true,"href":"https:\/\/parcdental.es\/index.php\/wp-json\/wp\/v2\/comments?post=445"}],"version-history":[{"count":1,"href":"https:\/\/parcdental.es\/index.php\/wp-json\/wp\/v2\/pages\/445\/revisions"}],"predecessor-version":[{"id":446,"href":"https:\/\/parcdental.es\/index.php\/wp-json\/wp\/v2\/pages\/445\/revisions\/446"}],"up":[{"embeddable":true,"href":"https:\/\/parcdental.es\/index.php\/wp-json\/wp\/v2\/pages\/206"}],"wp:attachment":[{"href":"https:\/\/parcdental.es\/index.php\/wp-json\/wp\/v2\/media?parent=445"}],"curies":[{"name":"wp","href":"https:\/\/api.w.org\/{rel}","templated":true}]}}