{"id":447,"date":"2017-12-10T22:39:57","date_gmt":"2017-12-10T22:39:57","guid":{"rendered":"http:\/\/parcdental.es\/?page_id=447"},"modified":"2017-12-10T22:39:57","modified_gmt":"2017-12-10T22:39:57","slug":"que-servicios-ofrece-clinica-dental-parc","status":"publish","type":"page","link":"https:\/\/parcdental.es\/index.php\/faq\/que-servicios-ofrece-clinica-dental-parc\/","title":{"rendered":"\u00bfQU\u00c9 SERVICIOS OFRECE CL\u00cdNICA DENTAL PARC?"},"content":{"rendered":"<p>Aqu\u00ed hacemos todo tipo de odontolog\u00eda, de adultos y de ni\u00f1os. Hacemos implantes, est\u00e9tica, ortodoncia etc. Aquello a lo que no llegamos lo mandamos a un compa\u00f1ero especialista, como son los casos de periodoncia o implantes que se han complicado, endodoncias muy complicadas, medicina bucal alguna lesi\u00f3n, etc. En esos casos se le manda a alg\u00fan compa\u00f1ero con experiencia en esa especialidad porque en Valencia tenemos muy buenos especialistas de la boca.<\/p>\n","protected":false},"excerpt":{"rendered":"<p>Aqu\u00ed hacemos todo tipo de odontolog\u00eda, de adultos y de ni\u00f1os. Hacemos implantes, est\u00e9tica, ortodoncia etc. Aquello a lo que no llegamos lo mandamos a un compa\u00f1ero especialista, como son los casos de periodoncia o implantes que se han complicado, endodoncias muy complicadas, medicina bucal alguna lesi\u00f3n, etc. En esos casos se le manda a&hellip;<\/p>\n","protected":false},"author":1,"featured_media":0,"parent":206,"menu_order":0,"comment_status":"closed","ping_status":"closed","template":"","meta":{"footnotes":""},"class_list":["post-447","page","type-page","status-publish","hentry"],"_links":{"self":[{"href":"https:\/\/parcdental.es\/index.php\/wp-json\/wp\/v2\/pages\/447","targetHints":{"allow":["GET"]}}],"collection":[{"href":"https:\/\/parcdental.es\/index.php\/wp-json\/wp\/v2\/pages"}],"about":[{"href":"https:\/\/parcdental.es\/index.php\/wp-json\/wp\/v2\/types\/page"}],"author":[{"embeddable":true,"href":"https:\/\/parcdental.es\/index.php\/wp-json\/wp\/v2\/users\/1"}],"replies":[{"embeddable":true,"href":"https:\/\/parcdental.es\/index.php\/wp-json\/wp\/v2\/comments?post=447"}],"version-history":[{"count":1,"href":"https:\/\/parcdental.es\/index.php\/wp-json\/wp\/v2\/pages\/447\/revisions"}],"predecessor-version":[{"id":448,"href":"https:\/\/parcdental.es\/index.php\/wp-json\/wp\/v2\/pages\/447\/revisions\/448"}],"up":[{"embeddable":true,"href":"https:\/\/parcdental.es\/index.php\/wp-json\/wp\/v2\/pages\/206"}],"wp:attachment":[{"href":"https:\/\/parcdental.es\/index.php\/wp-json\/wp\/v2\/media?parent=447"}],"curies":[{"name":"wp","href":"https:\/\/api.w.org\/{rel}","templated":true}]}}