{"id":449,"date":"2017-12-10T22:41:12","date_gmt":"2017-12-10T22:41:12","guid":{"rendered":"http:\/\/parcdental.es\/?page_id=449"},"modified":"2017-12-10T22:41:12","modified_gmt":"2017-12-10T22:41:12","slug":"que-trabajos-son-mas-frecuentes","status":"publish","type":"page","link":"https:\/\/parcdental.es\/index.php\/faq\/que-trabajos-son-mas-frecuentes\/","title":{"rendered":"\u00bfQU\u00c9 TRABAJOS SON M\u00c1S FRECUENTES?"},"content":{"rendered":"<p>Normalmente trabajamos la prevenci\u00f3n, la higiene bucal, limpiezas de boca y blanqueamientos, aunque de forma espec\u00edfica tambi\u00e9n hacemos implantes y pr\u00f3tesis y todo lo concerniente a tratamientos de ortodoncia, con la Dra. Alicia Lanuza.<\/p>\n","protected":false},"excerpt":{"rendered":"<p>Normalmente trabajamos la prevenci\u00f3n, la higiene bucal, limpiezas de boca y blanqueamientos, aunque de forma espec\u00edfica tambi\u00e9n hacemos implantes y pr\u00f3tesis y todo lo concerniente a tratamientos de ortodoncia, con la Dra. Alicia Lanuza.<\/p>\n","protected":false},"author":1,"featured_media":0,"parent":206,"menu_order":0,"comment_status":"closed","ping_status":"closed","template":"","meta":{"footnotes":""},"class_list":["post-449","page","type-page","status-publish","hentry"],"_links":{"self":[{"href":"https:\/\/parcdental.es\/index.php\/wp-json\/wp\/v2\/pages\/449","targetHints":{"allow":["GET"]}}],"collection":[{"href":"https:\/\/parcdental.es\/index.php\/wp-json\/wp\/v2\/pages"}],"about":[{"href":"https:\/\/parcdental.es\/index.php\/wp-json\/wp\/v2\/types\/page"}],"author":[{"embeddable":true,"href":"https:\/\/parcdental.es\/index.php\/wp-json\/wp\/v2\/users\/1"}],"replies":[{"embeddable":true,"href":"https:\/\/parcdental.es\/index.php\/wp-json\/wp\/v2\/comments?post=449"}],"version-history":[{"count":1,"href":"https:\/\/parcdental.es\/index.php\/wp-json\/wp\/v2\/pages\/449\/revisions"}],"predecessor-version":[{"id":450,"href":"https:\/\/parcdental.es\/index.php\/wp-json\/wp\/v2\/pages\/449\/revisions\/450"}],"up":[{"embeddable":true,"href":"https:\/\/parcdental.es\/index.php\/wp-json\/wp\/v2\/pages\/206"}],"wp:attachment":[{"href":"https:\/\/parcdental.es\/index.php\/wp-json\/wp\/v2\/media?parent=449"}],"curies":[{"name":"wp","href":"https:\/\/api.w.org\/{rel}","templated":true}]}}