{"id":453,"date":"2017-12-10T22:43:00","date_gmt":"2017-12-10T22:43:00","guid":{"rendered":"http:\/\/parcdental.es\/?page_id=453"},"modified":"2017-12-10T22:43:21","modified_gmt":"2017-12-10T22:43:21","slug":"la-gente-le-pierde-el-miedo-a-ir-al-dentista","status":"publish","type":"page","link":"https:\/\/parcdental.es\/index.php\/faq\/la-gente-le-pierde-el-miedo-a-ir-al-dentista\/","title":{"rendered":"\u00bfLA GENTE LE PIERDE EL MIEDO A IR AL DENTISTA?"},"content":{"rendered":"<p>La gente tiene miedo, pero lo pierde si el dentista lo hace bien, con cari\u00f1o y trata bien a la gente. El eje central de cualquier m\u00e9dico es dar informaci\u00f3n al paciente y eso se nota con la experiencia. Hay que explicar muy bien las cosas al paciente.<\/p>\n","protected":false},"excerpt":{"rendered":"<p>La gente tiene miedo, pero lo pierde si el dentista lo hace bien, con cari\u00f1o y trata bien a la gente. El eje central de cualquier m\u00e9dico es dar informaci\u00f3n al paciente y eso se nota con la experiencia. Hay que explicar muy bien las cosas al paciente.<\/p>\n","protected":false},"author":1,"featured_media":0,"parent":206,"menu_order":0,"comment_status":"closed","ping_status":"closed","template":"","meta":{"footnotes":""},"class_list":["post-453","page","type-page","status-publish","hentry"],"_links":{"self":[{"href":"https:\/\/parcdental.es\/index.php\/wp-json\/wp\/v2\/pages\/453","targetHints":{"allow":["GET"]}}],"collection":[{"href":"https:\/\/parcdental.es\/index.php\/wp-json\/wp\/v2\/pages"}],"about":[{"href":"https:\/\/parcdental.es\/index.php\/wp-json\/wp\/v2\/types\/page"}],"author":[{"embeddable":true,"href":"https:\/\/parcdental.es\/index.php\/wp-json\/wp\/v2\/users\/1"}],"replies":[{"embeddable":true,"href":"https:\/\/parcdental.es\/index.php\/wp-json\/wp\/v2\/comments?post=453"}],"version-history":[{"count":2,"href":"https:\/\/parcdental.es\/index.php\/wp-json\/wp\/v2\/pages\/453\/revisions"}],"predecessor-version":[{"id":455,"href":"https:\/\/parcdental.es\/index.php\/wp-json\/wp\/v2\/pages\/453\/revisions\/455"}],"up":[{"embeddable":true,"href":"https:\/\/parcdental.es\/index.php\/wp-json\/wp\/v2\/pages\/206"}],"wp:attachment":[{"href":"https:\/\/parcdental.es\/index.php\/wp-json\/wp\/v2\/media?parent=453"}],"curies":[{"name":"wp","href":"https:\/\/api.w.org\/{rel}","templated":true}]}}