{"id":522,"date":"2017-12-11T21:54:49","date_gmt":"2017-12-11T21:54:49","guid":{"rendered":"http:\/\/parcdental.es\/?page_id=522"},"modified":"2017-12-11T22:58:37","modified_gmt":"2017-12-11T22:58:37","slug":"periodoncia","status":"publish","type":"page","link":"https:\/\/parcdental.es\/index.php\/tratamientos\/periodoncia\/","title":{"rendered":"Periodoncia"},"content":{"rendered":"<p>Nuestra cl\u00ednica cuenta con tratamientos personalizados para evitar cualquier enfermedad en tus dientes y enc\u00edas, as\u00ed como reducir y eliminar cualquier afecci\u00f3n que tengas.<\/p>\n<p>La periodoncia es la especialidad m\u00e9dico-quir\u00fargica de la odontolog\u00eda que se enfoca a la prevenci\u00f3n, diagn\u00f3stico y tratamiento de las enfermedades y condiciones que afectan cada uno de los tejidos que soportan los dientes y cada uno de los tejidos, as\u00ed como todo lo relacionado con implantes.<\/p>\n","protected":false},"excerpt":{"rendered":"<p>Nuestra cl\u00ednica cuenta con tratamientos personalizados para evitar cualquier enfermedad en tus dientes y enc\u00edas, as\u00ed como reducir y eliminar cualquier afecci\u00f3n que tengas. La periodoncia es la especialidad m\u00e9dico-quir\u00fargica de la odontolog\u00eda que se enfoca a la prevenci\u00f3n, diagn\u00f3stico y tratamiento de las enfermedades y condiciones que afectan cada uno de los tejidos que&hellip;<\/p>\n","protected":false},"author":1,"featured_media":547,"parent":182,"menu_order":0,"comment_status":"closed","ping_status":"closed","template":"","meta":{"footnotes":""},"class_list":["post-522","page","type-page","status-publish","has-post-thumbnail","hentry"],"_links":{"self":[{"href":"https:\/\/parcdental.es\/index.php\/wp-json\/wp\/v2\/pages\/522","targetHints":{"allow":["GET"]}}],"collection":[{"href":"https:\/\/parcdental.es\/index.php\/wp-json\/wp\/v2\/pages"}],"about":[{"href":"https:\/\/parcdental.es\/index.php\/wp-json\/wp\/v2\/types\/page"}],"author":[{"embeddable":true,"href":"https:\/\/parcdental.es\/index.php\/wp-json\/wp\/v2\/users\/1"}],"replies":[{"embeddable":true,"href":"https:\/\/parcdental.es\/index.php\/wp-json\/wp\/v2\/comments?post=522"}],"version-history":[{"count":1,"href":"https:\/\/parcdental.es\/index.php\/wp-json\/wp\/v2\/pages\/522\/revisions"}],"predecessor-version":[{"id":524,"href":"https:\/\/parcdental.es\/index.php\/wp-json\/wp\/v2\/pages\/522\/revisions\/524"}],"up":[{"embeddable":true,"href":"https:\/\/parcdental.es\/index.php\/wp-json\/wp\/v2\/pages\/182"}],"wp:featuredmedia":[{"embeddable":true,"href":"https:\/\/parcdental.es\/index.php\/wp-json\/wp\/v2\/media\/547"}],"wp:attachment":[{"href":"https:\/\/parcdental.es\/index.php\/wp-json\/wp\/v2\/media?parent=522"}],"curies":[{"name":"wp","href":"https:\/\/api.w.org\/{rel}","templated":true}]}}