{"id":526,"date":"2017-12-11T22:00:35","date_gmt":"2017-12-11T22:00:35","guid":{"rendered":"http:\/\/parcdental.es\/?page_id=526"},"modified":"2017-12-11T23:01:57","modified_gmt":"2017-12-11T23:01:57","slug":"endodoncia","status":"publish","type":"page","link":"https:\/\/parcdental.es\/index.php\/tratamientos\/endodoncia\/","title":{"rendered":"Endodoncia"},"content":{"rendered":"<p>Somos especialistas en el diagn\u00f3stico y tratamiento de las enfermedades que afecta los dientes, incluida la pulpa, con t\u00e9cnicas de curaci\u00f3n sin aditivos.<\/p>\n<p>Gracias a los avances en las t\u00e9cnicas de tratamientos dentales, es posible mantener de forma artificial los dientes en su sitio, permitiendo que contin\u00faen cumpliendo su funci\u00f3n principal, todo con las mejores pr\u00e1cticas sanitarias y sin acciones agresivas, de hecho el Dr. Jaime E. Garc\u00eda se destaca por la suavidad en los tratamientos con sus pacientes.<\/p>\n","protected":false},"excerpt":{"rendered":"<p>Somos especialistas en el diagn\u00f3stico y tratamiento de las enfermedades que afecta los dientes, incluida la pulpa, con t\u00e9cnicas de curaci\u00f3n sin aditivos. Gracias a los avances en las t\u00e9cnicas de tratamientos dentales, es posible mantener de forma artificial los dientes en su sitio, permitiendo que contin\u00faen cumpliendo su funci\u00f3n principal, todo con las mejores&hellip;<\/p>\n","protected":false},"author":1,"featured_media":527,"parent":182,"menu_order":0,"comment_status":"closed","ping_status":"closed","template":"","meta":{"footnotes":""},"class_list":["post-526","page","type-page","status-publish","has-post-thumbnail","hentry"],"_links":{"self":[{"href":"https:\/\/parcdental.es\/index.php\/wp-json\/wp\/v2\/pages\/526","targetHints":{"allow":["GET"]}}],"collection":[{"href":"https:\/\/parcdental.es\/index.php\/wp-json\/wp\/v2\/pages"}],"about":[{"href":"https:\/\/parcdental.es\/index.php\/wp-json\/wp\/v2\/types\/page"}],"author":[{"embeddable":true,"href":"https:\/\/parcdental.es\/index.php\/wp-json\/wp\/v2\/users\/1"}],"replies":[{"embeddable":true,"href":"https:\/\/parcdental.es\/index.php\/wp-json\/wp\/v2\/comments?post=526"}],"version-history":[{"count":2,"href":"https:\/\/parcdental.es\/index.php\/wp-json\/wp\/v2\/pages\/526\/revisions"}],"predecessor-version":[{"id":549,"href":"https:\/\/parcdental.es\/index.php\/wp-json\/wp\/v2\/pages\/526\/revisions\/549"}],"up":[{"embeddable":true,"href":"https:\/\/parcdental.es\/index.php\/wp-json\/wp\/v2\/pages\/182"}],"wp:featuredmedia":[{"embeddable":true,"href":"https:\/\/parcdental.es\/index.php\/wp-json\/wp\/v2\/media\/527"}],"wp:attachment":[{"href":"https:\/\/parcdental.es\/index.php\/wp-json\/wp\/v2\/media?parent=526"}],"curies":[{"name":"wp","href":"https:\/\/api.w.org\/{rel}","templated":true}]}}