{"id":529,"date":"2017-12-11T22:16:21","date_gmt":"2017-12-11T22:16:21","guid":{"rendered":"http:\/\/parcdental.es\/?page_id=529"},"modified":"2023-12-07T07:58:24","modified_gmt":"2023-12-07T07:58:24","slug":"implantologia","status":"publish","type":"page","link":"https:\/\/parcdental.es\/index.php\/tratamientos\/implantologia\/","title":{"rendered":"Implantes"},"content":{"rendered":"<p>Por su experiencia, el Dr. Jaime E. Garc\u00eda se destaca en la realizaci\u00f3n de estos tratamientos dentales.<\/p>\n<p>Gracias a los avances en las t\u00e9cnicas de tratamientos dentales, es posible sustituir de forma artificial los dientes, sustituyendo la ra\u00edz natural para que estos se mantengan en su sitio, permitiendo una apariencia est\u00e9tica y funcional muy cercana a los dientes naturales.<\/p>\n<p>Todo lo anterior incluye las mejores pr\u00e1cticas sanitarias que permiten una excelente aceptaci\u00f3n por los dem\u00e1s tejidos del cuerpo.<\/p>\n<p>Esta t\u00e9cnica permite incluso tratar a pacientes con poco hueso,&nbsp;sin utilizar pr\u00e1cticas agresivas y de peor pron\u00f3stico como los injertos \u00f3seos.<\/p>\n","protected":false},"excerpt":{"rendered":"<p>Por su experiencia, el Dr. Jaime E. Garc\u00eda se destaca en la realizaci\u00f3n de estos tratamientos dentales. Gracias a los avances en las t\u00e9cnicas de tratamientos dentales, es posible sustituir de forma artificial los dientes, sustituyendo la ra\u00edz natural para que estos se mantengan en su sitio, permitiendo una apariencia est\u00e9tica y funcional muy cercana&hellip;<\/p>\n","protected":false},"author":1,"featured_media":530,"parent":182,"menu_order":0,"comment_status":"closed","ping_status":"closed","template":"","meta":{"footnotes":""},"class_list":["post-529","page","type-page","status-publish","has-post-thumbnail","hentry"],"_links":{"self":[{"href":"https:\/\/parcdental.es\/index.php\/wp-json\/wp\/v2\/pages\/529","targetHints":{"allow":["GET"]}}],"collection":[{"href":"https:\/\/parcdental.es\/index.php\/wp-json\/wp\/v2\/pages"}],"about":[{"href":"https:\/\/parcdental.es\/index.php\/wp-json\/wp\/v2\/types\/page"}],"author":[{"embeddable":true,"href":"https:\/\/parcdental.es\/index.php\/wp-json\/wp\/v2\/users\/1"}],"replies":[{"embeddable":true,"href":"https:\/\/parcdental.es\/index.php\/wp-json\/wp\/v2\/comments?post=529"}],"version-history":[{"count":2,"href":"https:\/\/parcdental.es\/index.php\/wp-json\/wp\/v2\/pages\/529\/revisions"}],"predecessor-version":[{"id":836,"href":"https:\/\/parcdental.es\/index.php\/wp-json\/wp\/v2\/pages\/529\/revisions\/836"}],"up":[{"embeddable":true,"href":"https:\/\/parcdental.es\/index.php\/wp-json\/wp\/v2\/pages\/182"}],"wp:featuredmedia":[{"embeddable":true,"href":"https:\/\/parcdental.es\/index.php\/wp-json\/wp\/v2\/media\/530"}],"wp:attachment":[{"href":"https:\/\/parcdental.es\/index.php\/wp-json\/wp\/v2\/media?parent=529"}],"curies":[{"name":"wp","href":"https:\/\/api.w.org\/{rel}","templated":true}]}}