{"id":68,"date":"2017-08-12T18:43:19","date_gmt":"2017-08-12T18:43:19","guid":{"rendered":"http:\/\/demo.acmethemes.com\/medical-circle\/?page_id=68"},"modified":"2019-02-20T21:33:11","modified_gmt":"2019-02-20T21:33:11","slug":"experienced-doctors","status":"publish","type":"page","link":"https:\/\/parcdental.es\/index.php\/experienced-doctors\/","title":{"rendered":"Experiencia y confianza"},"content":{"rendered":"<p>EQUIPO CONSOLIDADO &#8211; PROFESIONALES ESPECIALIZADOS &#8211;\u00a0 VOCACI\u00d3N Y COMPETENCIA &#8211; M\u00c1S DE 30 A\u00d1OS EN BENIMACLET (VALENCIA)<\/p>\n","protected":false},"excerpt":{"rendered":"<p>EQUIPO CONSOLIDADO &#8211; PROFESIONALES ESPECIALIZADOS &#8211;\u00a0 VOCACI\u00d3N Y COMPETENCIA &#8211; M\u00c1S DE 30 A\u00d1OS EN BENIMACLET (VALENCIA)<\/p>\n","protected":false},"author":1,"featured_media":259,"parent":0,"menu_order":0,"comment_status":"closed","ping_status":"closed","template":"","meta":{"footnotes":""},"class_list":["post-68","page","type-page","status-publish","has-post-thumbnail","hentry"],"_links":{"self":[{"href":"https:\/\/parcdental.es\/index.php\/wp-json\/wp\/v2\/pages\/68","targetHints":{"allow":["GET"]}}],"collection":[{"href":"https:\/\/parcdental.es\/index.php\/wp-json\/wp\/v2\/pages"}],"about":[{"href":"https:\/\/parcdental.es\/index.php\/wp-json\/wp\/v2\/types\/page"}],"author":[{"embeddable":true,"href":"https:\/\/parcdental.es\/index.php\/wp-json\/wp\/v2\/users\/1"}],"replies":[{"embeddable":true,"href":"https:\/\/parcdental.es\/index.php\/wp-json\/wp\/v2\/comments?post=68"}],"version-history":[{"count":22,"href":"https:\/\/parcdental.es\/index.php\/wp-json\/wp\/v2\/pages\/68\/revisions"}],"predecessor-version":[{"id":780,"href":"https:\/\/parcdental.es\/index.php\/wp-json\/wp\/v2\/pages\/68\/revisions\/780"}],"wp:featuredmedia":[{"embeddable":true,"href":"https:\/\/parcdental.es\/index.php\/wp-json\/wp\/v2\/media\/259"}],"wp:attachment":[{"href":"https:\/\/parcdental.es\/index.php\/wp-json\/wp\/v2\/media?parent=68"}],"curies":[{"name":"wp","href":"https:\/\/api.w.org\/{rel}","templated":true}]}}