{"id":722,"date":"2019-02-15T19:40:02","date_gmt":"2019-02-15T19:40:02","guid":{"rendered":"http:\/\/parcdental.es\/?page_id=722"},"modified":"2023-12-07T07:54:58","modified_gmt":"2023-12-07T07:54:58","slug":"ortodoncia-invisible","status":"publish","type":"page","link":"https:\/\/parcdental.es\/index.php\/tratamientos\/ortodoncia-invisible\/","title":{"rendered":"Ortodoncia Invisible"},"content":{"rendered":"\n<p>Certificada por la marca Invisalign con nuestra especialista Laura Cort\u00e9s Ba\u00f1\u00f3n<\/p>\n","protected":false},"excerpt":{"rendered":"<p>Certificada por la marca Invisalign con nuestra especialista Laura Cort\u00e9s Ba\u00f1\u00f3n<\/p>\n","protected":false},"author":1,"featured_media":834,"parent":182,"menu_order":0,"comment_status":"closed","ping_status":"closed","template":"","meta":{"footnotes":""},"class_list":["post-722","page","type-page","status-publish","has-post-thumbnail","hentry"],"_links":{"self":[{"href":"https:\/\/parcdental.es\/index.php\/wp-json\/wp\/v2\/pages\/722","targetHints":{"allow":["GET"]}}],"collection":[{"href":"https:\/\/parcdental.es\/index.php\/wp-json\/wp\/v2\/pages"}],"about":[{"href":"https:\/\/parcdental.es\/index.php\/wp-json\/wp\/v2\/types\/page"}],"author":[{"embeddable":true,"href":"https:\/\/parcdental.es\/index.php\/wp-json\/wp\/v2\/users\/1"}],"replies":[{"embeddable":true,"href":"https:\/\/parcdental.es\/index.php\/wp-json\/wp\/v2\/comments?post=722"}],"version-history":[{"count":2,"href":"https:\/\/parcdental.es\/index.php\/wp-json\/wp\/v2\/pages\/722\/revisions"}],"predecessor-version":[{"id":832,"href":"https:\/\/parcdental.es\/index.php\/wp-json\/wp\/v2\/pages\/722\/revisions\/832"}],"up":[{"embeddable":true,"href":"https:\/\/parcdental.es\/index.php\/wp-json\/wp\/v2\/pages\/182"}],"wp:featuredmedia":[{"embeddable":true,"href":"https:\/\/parcdental.es\/index.php\/wp-json\/wp\/v2\/media\/834"}],"wp:attachment":[{"href":"https:\/\/parcdental.es\/index.php\/wp-json\/wp\/v2\/media?parent=722"}],"curies":[{"name":"wp","href":"https:\/\/api.w.org\/{rel}","templated":true}]}}