{"id":94,"date":"2017-08-13T07:20:00","date_gmt":"2017-08-13T07:20:00","guid":{"rendered":"http:\/\/demo.acmethemes.com\/medical-circle\/?page_id=94"},"modified":"2017-12-10T22:55:12","modified_gmt":"2017-12-10T22:55:12","slug":"como-pedir-una-cita","status":"publish","type":"page","link":"https:\/\/parcdental.es\/index.php\/faq\/como-pedir-una-cita\/","title":{"rendered":"\u00bfC\u00d3MO PEDIR UNA CITA?"},"content":{"rendered":"<p>Para pedir una cita puedes llamarnos o acercarte a nuestro centro en el horario de atenci\u00f3n.<\/p>\n<p>Tambi\u00e9n puedes enviarnos un mensaje en cualquier momento y nosotros daremos respuesta oportuna de acuerdo a la disposici\u00f3n de nuestros doctores, en el mensaje debes indicar el motivo de la consulta y el horario al que podr\u00edas asistir.<\/p>\n","protected":false},"excerpt":{"rendered":"<p>Para pedir una cita puedes llamarnos o acercarte a nuestro centro en el horario de atenci\u00f3n. Tambi\u00e9n puedes enviarnos un mensaje en cualquier momento y nosotros daremos respuesta oportuna de acuerdo a la disposici\u00f3n de nuestros doctores, en el mensaje debes indicar el motivo de la consulta y el horario al que podr\u00edas asistir.<\/p>\n","protected":false},"author":1,"featured_media":0,"parent":206,"menu_order":0,"comment_status":"closed","ping_status":"closed","template":"","meta":{"footnotes":""},"class_list":["post-94","page","type-page","status-publish","hentry"],"_links":{"self":[{"href":"https:\/\/parcdental.es\/index.php\/wp-json\/wp\/v2\/pages\/94","targetHints":{"allow":["GET"]}}],"collection":[{"href":"https:\/\/parcdental.es\/index.php\/wp-json\/wp\/v2\/pages"}],"about":[{"href":"https:\/\/parcdental.es\/index.php\/wp-json\/wp\/v2\/types\/page"}],"author":[{"embeddable":true,"href":"https:\/\/parcdental.es\/index.php\/wp-json\/wp\/v2\/users\/1"}],"replies":[{"embeddable":true,"href":"https:\/\/parcdental.es\/index.php\/wp-json\/wp\/v2\/comments?post=94"}],"version-history":[{"count":4,"href":"https:\/\/parcdental.es\/index.php\/wp-json\/wp\/v2\/pages\/94\/revisions"}],"predecessor-version":[{"id":480,"href":"https:\/\/parcdental.es\/index.php\/wp-json\/wp\/v2\/pages\/94\/revisions\/480"}],"up":[{"embeddable":true,"href":"https:\/\/parcdental.es\/index.php\/wp-json\/wp\/v2\/pages\/206"}],"wp:attachment":[{"href":"https:\/\/parcdental.es\/index.php\/wp-json\/wp\/v2\/media?parent=94"}],"curies":[{"name":"wp","href":"https:\/\/api.w.org\/{rel}","templated":true}]}}